{"id":1337,"date":"2018-10-24T06:20:46","date_gmt":"2018-10-24T06:20:46","guid":{"rendered":"http:\/\/crefid.com\/?page_id=1337"},"modified":"2018-10-24T11:01:44","modified_gmt":"2018-10-24T11:01:44","slug":"proteccion-de-datos","status":"publish","type":"page","link":"https:\/\/crefid.com\/?page_id=1337","title":{"rendered":"Protecci\u00f3n de Datos"},"content":{"rendered":"<p class=\"western\" lang=\"es-ES\" align=\"center\"><span style=\"font-family: Book Antiqua, serif;\"><span style=\"font-size: medium;\"><u><b>AVISO LEGAL<\/b><\/u><\/span><\/span><\/p>\n<p class=\"western\" lang=\"es-ES\" align=\"justify\"><span style=\"font-family: Book Antiqua, serif;\"><span style=\"font-size: medium;\">En cumplimiento de lo establecido en el art\u00edculo 10 de la Ley 34\/2002, de 11 de julio, de Servicios de la Sociedad de la Informaci\u00f3n y de Comercio Electr\u00f3nico (en adelante, LSSI-CE), se informa a los destinatarios de este servicio que <\/span><\/span><span style=\"font-family: Book Antiqua, serif;\"><span style=\"font-size: medium;\"><b>CENTRO DE TECNICAS MANUALES Y ACTIVIDAD FISICA DEPORTIVA, S.L.<\/b><\/span><\/span><span style=\"font-family: Book Antiqua, serif;\"><span style=\"font-size: medium;\"> es una empresa que cuenta con domicilio social calle Urbano Orad, 7, Local, Sevilla &#8211; 41020.<\/span><\/span><\/p>\n<p class=\"western\" lang=\"es-ES\" align=\"justify\"><span style=\"font-family: Book Antiqua, serif;\"><span style=\"font-size: medium;\">Cuenta con un C.I.F. n\u00famero B-91586880 y se encuentra inscrita en el Registro Mercantil de Sevilla, Tomo 4326; Folio 121; Hoja SE-66036; Inscripci\u00f3n 1\u00aa.<\/span><\/span><\/p>\n<p class=\"western\" lang=\"es-ES\" align=\"justify\"><span style=\"font-family: Book Antiqua, serif;\"><span style=\"font-size: medium;\">Su n\u00famero de tel\u00e9fono es 954 406 056.<\/span><\/span><\/p>\n<p class=\"western\" lang=\"es-ES\" align=\"justify\"><span style=\"font-family: Book Antiqua, serif;\"><span style=\"font-size: medium;\">La direcci\u00f3n de correo electr\u00f3nico de contacto es <\/span><\/span><span style=\"color: #0000ff;\"><u><a class=\"western\" href=\"mailto:crefidsl@gmail.com\"><span style=\"font-family: Book Antiqua, serif;\"><span style=\"font-size: medium;\">crefidsl@gmail.com<\/span><\/span><\/a><\/u><\/span><span style=\"font-family: Book Antiqua, serif;\"><span style=\"font-size: medium;\">, para cuestiones referidas al acceso o, en general, a la protecci\u00f3n de datos de car\u00e1cter personal y su privacidad puede utilizar dicha direcci\u00f3n de correo electr\u00f3nico.<\/span><\/span><\/p>\n<p class=\"western\" lang=\"es-ES\" align=\"center\"><span style=\"font-family: Book Antiqua, serif;\"><span style=\"font-size: medium;\"><u><b>POLITICA DE PROTECCION DE DATOS.-<\/b><\/u><\/span><\/span><\/p>\n<p class=\"western\" lang=\"es-ES\" align=\"justify\"><span style=\"font-family: Book Antiqua, serif;\"><span style=\"font-size: medium;\"><b>CENTRO DE TECNICAS MANUALES Y ACTIVIDAD FISICA DEPORTIVA, S.L. <\/b><\/span><\/span><span style=\"font-family: Book Antiqua, serif;\"><span style=\"font-size: medium;\">es consciente de la importancia de la privacidad de los tratamientos de datos de car\u00e1cter personal y por ello, ha implementado una pol\u00edtica de tratamiento de datos orientada a proveer la m\u00e1xima seguridad en el uso y recogida de los mismos, garantizando el cumplimiento de la normativa vigente en la materia y configurando dicha pol\u00edtica como uno de los pilares b\u00e1sicos en las l\u00edneas de actuaci\u00f3n de la entidad<\/span><\/span><span style=\"font-family: Book Antiqua, serif;\"><span style=\"font-size: medium;\"><b>.<\/b><\/span><\/span><\/p>\n<p class=\"western\" lang=\"es-ES\" align=\"justify\"><span style=\"font-family: Book Antiqua, serif;\"><span style=\"font-size: medium;\"><b>CENTRO DE TECNICAS MANUALES Y ACTIVIDAD FISICA DEPORTIVA, S.L. <\/b><\/span><\/span><span style=\"font-family: Book Antiqua, serif;\"><span style=\"font-size: medium;\">informa a los usuarios del sitio <\/span><\/span><span style=\"color: #0000ff;\"><u><a class=\"western\" href=\"http:\/\/www.crefid.com\/\"><span style=\"font-family: Book Antiqua, serif;\"><span style=\"font-size: medium;\">www.crefid.com<\/span><\/span><\/a><\/u><\/span><span style=\"font-family: Book Antiqua, serif;\"><span style=\"font-size: medium;\"> que, respetando la legislaci\u00f3n vigente en materia de protecci\u00f3n de datos personales, la privacidad de los usuarios y el secreto de los datos personales, de conformidad con lo establecido en la Ley Org\u00e1nica 15\/1999, de Protecci\u00f3n de Datos de Car\u00e1cter Personal y el Reglamento General de Protecci\u00f3n de Datos de la Uni\u00f3n Europea (RGPD) 679\/2016 de 27 de abril, hemos adoptado para ello las medidas t\u00e9cnicas y organizativas necesarias para evitar la p\u00e9rdida, mal uso, alteraci\u00f3n, acceso no autorizado y robo de los datos personales facilitados, habida cuenta del estado de la tecnolog\u00eda, la naturaleza de los datos y los riesgos a los que est\u00e1n expuestos. <\/span><\/span><\/p>\n<p class=\"western\" lang=\"es-ES\" align=\"justify\"><span style=\"font-family: Book Antiqua, serif;\"><span style=\"font-size: medium;\">En concreto <\/span><\/span><span style=\"font-family: Book Antiqua, serif;\"><span style=\"font-size: medium;\"><b>CENTRO DE TECNICAS MANUALES Y ACTIVIDAD FISICA DEPORTIVA, S.L., <\/b><\/span><\/span><span style=\"font-family: Book Antiqua, serif;\"><span style=\"font-size: medium;\">informa a los usuarios del sitio <\/span><\/span><span style=\"color: #0000ff;\"><u><a class=\"western\" href=\"http:\/\/www.crefid.com\/\"><span style=\"font-family: Book Antiqua, serif;\"><span style=\"font-size: medium;\">www.crefid.com<\/span><\/span><\/a><\/u><\/span><span style=\"font-family: Book Antiqua, serif;\"><span style=\"font-size: medium;\"> que sus datos de car\u00e1cter personal s\u00f3lo podr\u00e1n obtenerse para su tratamiento cuando sean adecuados, pertinentes y no excesivos en relaci\u00f3n con el \u00e1mbito y las finalidades determinadas, expl\u00edcitas y leg\u00edtimas para las que se hayan obtenido. Ser\u00e1n cancelados cuando hayan dejado de ser necesarios o pertinentes para dicha finalidad, o cuando lo solicite el titular en el ejercicio de su derecho de cancelaci\u00f3n.<\/span><\/span><\/p>\n<p class=\"western\" lang=\"es-ES\" align=\"justify\"><span style=\"font-family: Book Antiqua, serif;\"><span style=\"font-size: medium;\">Cuando se recaben datos personales a trav\u00e9s de <\/span><\/span><span style=\"color: #0000ff;\"><u><a class=\"western\" href=\"http:\/\/www.crefid.com\/\"><span style=\"font-family: Book Antiqua, serif;\"><span style=\"font-size: medium;\">www.crefid.com<\/span><\/span><\/a><\/u><\/span><span style=\"font-family: Book Antiqua, serif;\"><span style=\"font-size: medium;\">, se informar\u00e1 previamente al usuario, de forma clara e inequ\u00edvoca, de los siguientes extremos:<\/span><\/span><\/p>\n<ul>\n<li>\n<p lang=\"es-ES\" align=\"justify\"><span style=\"font-family: Book Antiqua, serif;\"><span style=\"font-size: medium;\">Existencia de un fichero o tratamiento de datos de car\u00e1cter personal, finalidad de la recogida y destinatarios de la informaci\u00f3n fichero que estar\u00e1 debidamente registrado en el Registro de la Agencia Espa\u00f1ola de Protecci\u00f3n de Datos.<\/span><\/span><\/p>\n<\/li>\n<li>\n<p lang=\"es-ES\" align=\"justify\"><span style=\"font-family: Book Antiqua, serif;\"><span style=\"font-size: medium;\">Car\u00e1cter obligatorio o facultativo de la respuesta a las preguntas que en su caso les sean planteadas, as\u00ed como de las consecuencias de la obtenci\u00f3n de los datos o la negativa a suministrarlos.<\/span><\/span><\/p>\n<\/li>\n<li>\n<p lang=\"es-ES\" align=\"justify\"><span style=\"font-family: Book Antiqua, serif;\"><span style=\"font-size: medium;\">Donde pueden ejercer los usuarios y\/o socios los derechos de Acceso, Rectificaci\u00f3n, Cancelaci\u00f3n y Oposici\u00f3n.<\/span><\/span><\/p>\n<\/li>\n<li>\n<p lang=\"es-ES\" align=\"justify\"><span style=\"font-family: Book Antiqua, serif;\"><span style=\"font-size: medium;\">El usuario ser\u00e1 el \u00fanico responsable a causa de la cumplimentaci\u00f3n de los formularios con datos falsos, inexactos, incompletos o no actualizados.<\/span><\/span><\/p>\n<\/li>\n<li>\n<p lang=\"es-ES\" align=\"justify\"><span style=\"font-family: Book Antiqua, serif;\"><span style=\"font-size: medium;\">Cualquier cesi\u00f3n a terceros de los datos personales de los usuarios de este sitio, ser\u00e1 comunicada debidamente a los afectados especificando la identidad de los cesionarios y la finalidad con que se van a tratar los datos que se cedan.<\/span><\/span><\/p>\n<\/li>\n<\/ul>\n<p class=\"western\" lang=\"es-ES\" align=\"justify\"><span style=\"font-family: Book Antiqua, serif;\"><span style=\"font-size: medium;\">Podr\u00e1 ejercer sus derechos de acceso, rectificaci\u00f3n, supresi\u00f3n, limitaci\u00f3n del tratamiento, oposici\u00f3n o derecho a la portabilidad de sus datos personales ante <\/span><\/span><span style=\"font-family: Book Antiqua, serif;\"><span style=\"font-size: medium;\"><b>CENTRO DE TECNICAS MANUALES Y ACTIVIDAD FISICA DEPORTIVA, S.L.,<\/b><\/span><\/span><span style=\"font-family: Book Antiqua, serif;\"><span style=\"font-size: medium;\"> en calle Urbano Orad, 7, Local, Sevilla &#8211; 41020, o en la direcci\u00f3n de correo electr\u00f3nico <\/span><\/span><span style=\"color: #0000ff;\"><u><a class=\"western\" href=\"mailto:crefidsl@gmail.com\"><span style=\"font-family: Book Antiqua, serif;\"><span style=\"font-size: medium;\">crefidsl@gmail.com<\/span><\/span><\/a><\/u><\/span><span style=\"font-family: Book Antiqua, serif;\"><span style=\"font-size: medium;\">, presentando su DNI, Pasaporte o Tarjeta de Residencia.<\/span><\/span><\/p>\n","protected":false},"excerpt":{"rendered":"<p>AVISO LEGAL En cumplimiento de lo establecido en el art\u00edculo 10 de la Ley 34\/2002, de 11 de julio, de Servicios de la Sociedad de la Informaci\u00f3n y de Comercio Electr\u00f3nico (en adelante, LSSI-CE), se informa a los destinatarios de este servicio que CENTRO DE TECNICAS MANUALES Y ACTIVIDAD FISICA DEPORTIVA, S.L. es una empresa [&hellip;]<\/p>\n","protected":false},"author":1,"featured_media":0,"parent":959,"menu_order":0,"comment_status":"closed","ping_status":"closed","template":"","meta":{"spay_email":"","footnotes":""},"class_list":["post-1337","page","type-page","status-publish","hentry"],"_links":{"self":[{"href":"https:\/\/crefid.com\/index.php?rest_route=\/wp\/v2\/pages\/1337","targetHints":{"allow":["GET"]}}],"collection":[{"href":"https:\/\/crefid.com\/index.php?rest_route=\/wp\/v2\/pages"}],"about":[{"href":"https:\/\/crefid.com\/index.php?rest_route=\/wp\/v2\/types\/page"}],"author":[{"embeddable":true,"href":"https:\/\/crefid.com\/index.php?rest_route=\/wp\/v2\/users\/1"}],"replies":[{"embeddable":true,"href":"https:\/\/crefid.com\/index.php?rest_route=%2Fwp%2Fv2%2Fcomments&post=1337"}],"version-history":[{"count":3,"href":"https:\/\/crefid.com\/index.php?rest_route=\/wp\/v2\/pages\/1337\/revisions"}],"predecessor-version":[{"id":1360,"href":"https:\/\/crefid.com\/index.php?rest_route=\/wp\/v2\/pages\/1337\/revisions\/1360"}],"up":[{"embeddable":true,"href":"https:\/\/crefid.com\/index.php?rest_route=\/wp\/v2\/pages\/959"}],"wp:attachment":[{"href":"https:\/\/crefid.com\/index.php?rest_route=%2Fwp%2Fv2%2Fmedia&parent=1337"}],"curies":[{"name":"wp","href":"https:\/\/api.w.org\/{rel}","templated":true}]}}