{"id":330,"date":"2016-02-29T13:10:37","date_gmt":"2016-02-29T13:10:37","guid":{"rendered":"http:\/\/test.kriesi.at\/travel\/?page_id=2"},"modified":"2025-02-23T14:19:19","modified_gmt":"2025-02-23T14:19:19","slug":"welcome","status":"publish","type":"page","link":"https:\/\/crefid.com\/","title":{"rendered":"Inicio"},"content":{"rendered":"<\/div><\/div><\/div><!-- close content main div --><\/div><\/div><div id='full_slider_1' class='avia-fullwidth-slider main_color avia-shadow  container_wrap fullsize'   ><div  data-size='featured_large'  data-lightbox_size='large'  data-animation='fade'  data-ids='828'  data-video_counter='0'  data-autoplay='false'  data-bg_slider='false'  data-slide_height=''  data-handle='av_slideshow_full'  data-interval='6'  data-class=' '  data-css_id=''  data-scroll_down=''  data-control_layout='av-control-hidden'  data-custom_markup=''  data-perma_caption=''  data-autoplay_stopper=''  data-image_attachment=''  data-min_height='0px'  data-src=''  data-position='top left'  data-repeat='no-repeat'  data-attach='scroll'  data-stretch=''  data-default-height='42'  class='avia-slideshow avia-slideshow-1  av-control-hidden av-default-height-applied avia-slideshow-featured_large av_slideshow_full   avia-fade-slider '  itemscope=\"itemscope\" itemtype=\"https:\/\/schema.org\/ImageObject\" ><ul class='avia-slideshow-inner' style='padding-bottom: 42%;'><li  data-controls='aviaTBaviaTBvideo_controls' data-mute='aviaTBaviaTBvideo_mute' data-loop='aviaTBaviaTBvideo_loop' data-disable-autoplay=''  data-mobile-img='https:\/\/crefid.com\/wp-content\/uploads\/2018\/10\/C128134F-1500x630.jpg' data-video-height='134' data-video-toppos='-17' data-video-ratio='2.3809523809524' class=' av-video-slide  av-video-service-html5  av-hide-video-controls av-mute-video av-loop-video av-mobile-fallback-image av-video-stretch av-single-slide slide-1 ' ><div data-rel='slideshow-1' class='avia-slide-wrap'  ><div class = \"caption_fullwidth av-slideshow-caption caption_left\"><div class = \"container caption_container\"><div class = \"slideshow_caption\"><div class = \"slideshow_inner_caption\"><div class = \"slideshow_align_caption\"><h2  style='font-size:41px; color:#000000; ' class='avia-caption-title'  itemprop=\"name\" >CREFID Cl\u00ednica de recuperaci\u00f3n y Fisioterapia deportiva.<\/h2><div class='avia-caption-content av_inherit_color'  itemprop=\"description\"   style='font-size:20px; color:#4594e8; '><p>Especialistas en Fisioterapia Deportiva y Recuperaci\u00f3n Funcional.<\/p>\n<\/div><a href='https:\/\/crefid.com\/?page_id=948'  class='avia-slideshow-button avia-button avia-color-theme-color avia-multi-slideshow-button' data-duration='800' data-easing='easeInOutQuad'>Sobre nosotros<\/a><a href='https:\/\/crefid.com\/?page_id=954'  class='avia-slideshow-button avia-button avia-color-theme-color-subtle avia-multi-slideshow-button avia-slideshow-button-2' data-duration='800' data-easing='easeInOutQuad'>Localizaci\u00f3n<\/a><\/div><\/div><\/div><\/div><\/div><div class='av-click-overlay'><\/div><video class=\"avia_video\"  controls id=\"player_330_945854116_164939605\" >\t<source src=\"https:\/\/crefid.com\/wp-content\/uploads\/2021\/10\/crefid.mp4\" type=\"video\/mp4\" \/><\/video><div class='av-section-color-overlay' style='opacity: 0.7; background-color: #ffffff; '><\/div><\/div><\/li><\/ul><\/div><\/div>\n<\/div><\/div><\/div><!-- close content main div --><\/div><\/div><div id='av-layout-grid-1' class='av-layout-grid-container entry-content-wrapper main_color av-fixed-cells  container_wrap fullsize'   >\n<div class=\"flex_cell no_margin av_one_half   \" style='vertical-align:top; padding:9px 0px 0px 0px ; background-color:#2388c2; '><div class='flex_cell_inner' ><\/div><\/div><div class=\"flex_cell no_margin av_one_half   \" style='vertical-align:top; padding:9px 0px 0px 0px ; background-color:#5fb4e4; '><div class='flex_cell_inner' ><\/div><\/div>\n<\/div>\n<\/div><\/div><\/div><!-- close content main div --><\/div><\/div><div id='av_section_1' class='avia-section main_color avia-section-huge avia-no-border-styling avia-bg-style-scroll  container_wrap fullsize'   ><div class='container' ><div class='template-page content  av-content-full alpha units'><div class='post-entry post-entry-type-page post-entry-330'><div class='entry-content-wrapper clearfix'>\n<div class='flex_column_table av-equal-height-column-flextable' style='margin-top:-200px; margin-bottom:0px; '><div class=\"flex_column av_one_third  no_margin flex_column_table_cell av-equal-height-column av-align-top first  \" style='padding:40px; background-color:#2388c2; border-radius:0px; '><p><span class=\"av_font_icon avia_animate_when_visible av-icon-style-  avia-icon-pos-center \" style=\"color:#ffffff; border-color:#ffffff;\"><span class='av-icon-char' style='font-size:60px;line-height:60px;' aria-hidden='true' data-av_icon='\uf111' data-av_iconfont='medical' ><\/span><\/span><br \/>\n<div style='height:20px' class='hr hr-invisible '><span class='hr-inner ' ><span class='hr-inner-style'><\/span><\/span><\/div><br \/>\n<section class=\"av_textblock_section\"  itemscope=\"itemscope\" itemtype=\"https:\/\/schema.org\/CreativeWork\" ><div class='avia_textblock  av_inherit_color'  style='font-size:12px; color:#ffffff; '  itemprop=\"text\" ><h4 style=\"text-align: center;\">Servicios<\/h4>\n<div id=\"1717533745002105\" class=\"_3-96\" data-token=\"1717533745002105\">\n<div id=\"u_jsonp_3_1\" class=\"_4-u2 _3h1n _4-u8\">\n<div class=\"clearfix _ikh\">\n<div class=\"_4bl9\">\n<div class=\"_43ge\"><span class=\"_50f8 _2iem\">Medicina General y de Familia,\u00a0 Terapia Miofacial,\u00a0 Vendaje Neuromuscular, Pilates Terap\u00e9utico, Entrenamiento Funcional Individualizado, Valoraci\u00f3n Ecogr\u00e1fica, Ondas de Choque. Electroterapia, Osteopat\u00eda, Fisioterapia General y Fisioterapia Deportiva.<\/span><\/div>\n<\/div>\n<\/div>\n<\/div>\n<\/div>\n<\/div><\/section><br \/>\n<div style='height:8px' class='hr hr-invisible '><span class='hr-inner ' ><span class='hr-inner-style'><\/span><\/span><\/div><br \/>\n<div class='avia-button-wrap avia-button-center '><a href='https:\/\/crefid.com\/?page_id=1294' class='avia-button  avia-icon_select-no avia-color-light avia-size-medium avia-position-center '   ><span class='avia_iconbox_title' >Todos los Servicios<\/span><\/a><\/div><\/p><\/div><\/div><!--close column table wrapper. Autoclose: 1 --><div class='flex_column_table av-equal-height-column-flextable' style='margin-top:-200px; margin-bottom:0px; '><div class=\"flex_column av_one_third  no_margin flex_column_table_cell av-equal-height-column av-align-top   \" style='padding:40px; background-color:#379cd6; border-radius:0px; '><p><span class=\"av_font_icon avia_animate_when_visible av-icon-style-  avia-icon-pos-center \" style=\"color:#ffffff; border-color:#ffffff;\"><span class='av-icon-char' style='font-size:60px;line-height:60px;' aria-hidden='true' data-av_icon='\uf10e' data-av_iconfont='medical' ><\/span><\/span><br \/>\n<div style='height:20px' class='hr hr-invisible '><span class='hr-inner ' ><span class='hr-inner-style'><\/span><\/span><\/div><br \/>\n<section class=\"av_textblock_section\"  itemscope=\"itemscope\" itemtype=\"https:\/\/schema.org\/CreativeWork\" ><div class='avia_textblock  av_inherit_color'  style='font-size:12px; color:#ffffff; '  itemprop=\"text\" ><h4 style=\"text-align: center;\">Equipo Fisioterapia<\/h4>\n<p style=\"text-align: center;\">Con m\u00e1s de 20 a\u00f1os de experiencia, nuestro equipo esta especializado en el tratamiento y recuperaci\u00f3n de lesiones deportivas, fisioterapia para empresas y tratamientos de recuperaci\u00f3n integral.<\/p>\n<\/div><\/section><br \/>\n<div style='height:8px' class='hr hr-invisible '><span class='hr-inner ' ><span class='hr-inner-style'><\/span><\/span><\/div><br \/>\n<div class='avia-button-wrap avia-button-center '><a href='https:\/\/crefid.com\/?page_id=948' class='avia-button  avia-icon_select-no avia-color-light avia-size-medium avia-position-center '   ><span class='avia_iconbox_title' >Equipo<\/span><\/a><\/div><\/p><\/div><\/div><!--close column table wrapper. Autoclose: 1 --><div class='flex_column_table av-equal-height-column-flextable' style='margin-top:-200px; margin-bottom:0px; '><div class=\"flex_column av_one_third  no_margin flex_column_table_cell av-equal-height-column av-align-top   \" style='padding:40px; background-color:#5fb4e4; border-radius:0px; '><p><span class=\"av_font_icon avia_animate_when_visible av-icon-style-  avia-icon-pos-center \" style=\"color:#ffffff; border-color:#ffffff;\"><span class='av-icon-char' style='font-size:60px;line-height:60px;' aria-hidden='true' data-av_icon='\uf136' data-av_iconfont='medical' ><\/span><\/span><br \/>\n<div style='height:20px' class='hr hr-invisible '><span class='hr-inner ' ><span class='hr-inner-style'><\/span><\/span><\/div><br \/>\n<section class=\"av_textblock_section\"  itemscope=\"itemscope\" itemtype=\"https:\/\/schema.org\/CreativeWork\" ><div class='avia_textblock  av_inherit_color'  style='font-size:12px; color:#ffffff; '  itemprop=\"text\" ><h4 style=\"text-align: center;\">PILATES\u00a0 Y Recuperaci\u00f3n Funcional<\/h4>\n<p style=\"text-align: center;\">Trabajamos t\u00e9cnicas de Pilates, desarrollando ejercicios para la prevenci\u00f3n y correcta rehabilitaci\u00f3n de las lesiones.<\/p>\n<\/div><\/section><br \/>\n<div style='height:8px' class='hr hr-invisible '><span class='hr-inner ' ><span class='hr-inner-style'><\/span><\/span><\/div><br \/>\n<div class='avia-button-wrap avia-button-center '><a href='https:\/\/crefid.com\/?page_id=1294' class='avia-button  avia-icon_select-no avia-color-light avia-size-medium avia-position-center '   ><span class='avia_iconbox_title' >Ampliar<\/span><\/a><\/div><\/p><\/div><\/div><!--close column table wrapper. Autoclose: 1 --><div style='height:100px' class='hr hr-invisible '><span class='hr-inner ' ><span class='hr-inner-style'><\/span><\/span><\/div>\n<div class=\"flex_column av_one_half  flex_column_div first  \" ><article class=\"iconbox iconbox_left_content   \"  itemscope=\"itemscope\" itemtype=\"https:\/\/schema.org\/CreativeWork\" ><div class=\"iconbox_icon heading-color\" aria-hidden='true' data-av_icon='\uf107' data-av_iconfont='medical'  ><\/div><div class=\"iconbox_content\"><header class=\"entry-content-header\"><h3 class='iconbox_content_title'  itemprop=\"headline\"  >Solicitud de cita<\/h3><\/header><div class='iconbox_content_container '  itemprop=\"text\"  ><p>Solicitud de cita en los tel\u00e9fonos\u00a0 954406056\u00a0\u00a0 y\u00a0 658 995 562 en horario de atenci\u00f3n al p\u00fablico de Lunes a Jueves 9:00 h a 14:00 h\/17:00 h a 21:00 h, y los Viernes de 9:00 h a 13:00 h o a trav\u00e9s de nuestro formulario web y nos pondremos en contacto con usted para fijar la cita.<\/p>\n<\/div><\/div><footer class=\"entry-footer\"><\/footer><\/article><\/div><div class=\"flex_column av_one_half  flex_column_div av-zero-column-padding   \" style='border-radius:0px; '><article class=\"iconbox iconbox_left_content   \"  itemscope=\"itemscope\" itemtype=\"https:\/\/schema.org\/CreativeWork\" ><div class=\"iconbox_icon heading-color\" aria-hidden='true' data-av_icon='\uf124' data-av_iconfont='medical'  ><\/div><div class=\"iconbox_content\"><header class=\"entry-content-header\"><h3 class='iconbox_content_title'  itemprop=\"headline\"  >Equipamiento<\/h3><\/header><div class='iconbox_content_container '  itemprop=\"text\"  ><p>Disponemos de equipos de Valoraci\u00f3n como: Ecograf\u00eda Musculoesquel\u00e9tica, Cristal Podom\u00e9trico, Tensi\u00f3metro, Peso electr\u00f3nico, Pulsioximetro, Otoscopio y Medidor de Glucosa.<\/p>\n<p>De Tratamiento como: Ondas de Choque, Ultrasonido, Electroestimuaci\u00f3n,\u00a0 Infrarrojos, TENS, y\u00a0 Sistema de Tracci\u00f3n Cervical.<\/p>\n<\/div><\/div><footer class=\"entry-footer\"><\/footer><\/article><\/div><div class=\"flex_column av_one_half  flex_column_div av-zero-column-padding first  \" style='border-radius:0px; '><article class=\"iconbox iconbox_left_content   \"  itemscope=\"itemscope\" itemtype=\"https:\/\/schema.org\/CreativeWork\" ><div class=\"iconbox_icon heading-color\" aria-hidden='true' data-av_icon='\ue8c9' data-av_iconfont='entypo-fontello'  ><\/div><div class=\"iconbox_content\"><header class=\"entry-content-header\"><h3 class='iconbox_content_title'  itemprop=\"headline\"  >Formaci\u00f3n<\/h3><\/header><div class='iconbox_content_container '  itemprop=\"text\"  ><p><span style=\"color: #000000;\">Crefid ofrece anualmente cursos\u00a0 \u00abPARA DEJAR DE FUMAR\u00bb en una sola sesi\u00f3n,\u00a0 \u00abCONTROL DE LA ANSIEDAD Y EL DOLOR\u00bb\u00a0 y charlas monogr\u00e1ficas de temas relacionados con la SALUD.\u00a0<\/span><\/p>\n<\/div><\/div><footer class=\"entry-footer\"><\/footer><\/article><\/div><div class=\"flex_column av_one_half  flex_column_div av-zero-column-padding   \" style='border-radius:0px; '><article class=\"iconbox iconbox_left_content   \"  itemscope=\"itemscope\" itemtype=\"https:\/\/schema.org\/CreativeWork\" ><div class=\"iconbox_icon heading-color\" aria-hidden='true' data-av_icon='\ue822' data-av_iconfont='entypo-fontello'  ><\/div><div class=\"iconbox_content\"><header class=\"entry-content-header\"><h3 class='iconbox_content_title'  itemprop=\"headline\"  ><a href='https:\/\/crefid.com\/?cat=1' title='Asesoramiento y Valoraci\u00f3n'  >Asesoramiento y Valoraci\u00f3n<\/a><\/h3><\/header><div class='iconbox_content_container '  itemprop=\"text\"  ><p><span style=\"color: #000000;\">CREFID asesora a empresas en <\/span><span style=\"color: #000000;\">Prevenci\u00f3n y <span style=\"color: #000000;\">Recuperaci\u00f3n<\/span>\u00a0de Lesiones<\/span><span style=\"color: #000000;\"> en\u00a0 el \u00e1mbito laboral. La valoraci\u00f3n inicial de la Actividad como medida de detecci\u00f3n precoz de los riegos.\u00a0<\/span><\/p>\n<\/div><\/div><footer class=\"entry-footer\"><\/footer><\/article><\/div><div style=' margin-top:70px; margin-bottom:70px;'  class='hr hr-custom hr-center hr-icon-no '><span class='hr-inner   inner-border-av-border-fat' style=' width:50px; border-color:#40a8e4;' ><span class='hr-inner-style'><\/span><\/span><\/div>\n<div class=\"flex_column av_one_third  av-animated-generic bottom-to-top  flex_column_div av-zero-column-padding first  \" style='border-radius:0px; '><p><div style='padding-bottom:20px;font-size:34px;' class='av-special-heading av-special-heading-h2  blockquote modern-quote modern-centered   av-inherit-size'><h2 class='av-special-heading-tag'  itemprop=\"headline\"  >Misi\u00f3n<\/h2><div class ='av-subheading av-subheading_below ' style='font-size:15px;'><p>Impulsar la Recuperaci\u00f3n de las Lesiones Musculoesquel\u00e9ticas con procedimientos adaptados y personalizados con el fin de fomentar la calidad de vida de nuestros pacientes.<\/p>\n<\/div><div class='special-heading-border'><div class='special-heading-inner-border' ><\/div><\/div><\/div><br \/>\n<section class=\"av_textblock_section\"  itemscope=\"itemscope\" itemtype=\"https:\/\/schema.org\/CreativeWork\" ><div class='avia_textblock '   itemprop=\"text\" ><\/div><\/section><\/p><\/div><div class=\"flex_column av_one_third  av-animated-generic bottom-to-top  flex_column_div av-zero-column-padding   \" style='border-radius:0px; '><p><div style='padding-bottom:20px;font-size:34px;' class='av-special-heading av-special-heading-h2  blockquote modern-quote modern-centered   av-inherit-size'><h2 class='av-special-heading-tag'  itemprop=\"headline\"  >Visi\u00f3n<\/h2><div class ='av-subheading av-subheading_below ' style='font-size:15px;'><p>La actualizaci\u00f3n de los procedimientos, de la Tecnolog\u00eda, y de la Formaci\u00f3n continua como base de la eficacia y la eficiencia de la Recuperaci\u00f3n de nuestros Pacientes<\/p>\n<\/div><div class='special-heading-border'><div class='special-heading-inner-border' ><\/div><\/div><\/div><br \/>\n<section class=\"av_textblock_section\"  itemscope=\"itemscope\" itemtype=\"https:\/\/schema.org\/CreativeWork\" ><div class='avia_textblock '   itemprop=\"text\" ><\/div><\/section><\/p><\/div><div class=\"flex_column av_one_third  av-animated-generic bottom-to-top  flex_column_div av-zero-column-padding   \" style='border-radius:0px; '><p><div style='padding-bottom:20px;font-size:34px;' class='av-special-heading av-special-heading-h2  blockquote modern-quote   av-inherit-size'><h2 class='av-special-heading-tag'  itemprop=\"headline\"  >Valores<\/h2><div class ='av-subheading av-subheading_below ' style='font-size:15px;'><p>Nuestra VOCACI\u00d3N es el signo de nuestra marca:<\/p>\n<p>C onfianza.<br \/>\nR esponsabilidad.<br \/>\nE ficacia.<br \/>\nF amiliaridad.<br \/>\nI ndividualidad.<br \/>\nD edicaci\u00f3n.<\/p>\n<\/div><div class='special-heading-border'><div class='special-heading-inner-border' ><\/div><\/div><\/div><br \/>\n<section class=\"av_textblock_section\"  itemscope=\"itemscope\" itemtype=\"https:\/\/schema.org\/CreativeWork\" ><div class='avia_textblock '   itemprop=\"text\" ><\/div><\/section><\/p><\/div>\n\n<\/div><\/div><\/div><!-- close content main div --><\/div><\/div><div id='av-layout-grid-2' class='av-layout-grid-container entry-content-wrapper main_color av-flex-cells  container_wrap fullsize'   >\n<div class=\"flex_cell no_margin av_one_half   avia-full-stretch av-zero-padding \" style='height:500px; min-height:500px;background-image:url(https:\/\/crefid.com\/wp-content\/uploads\/2018\/10\/C128134F-845x684.jpg); background-position:center center; background-repeat:no-repeat; background-attachment:scroll; vertical-align:middle; padding:0px; background-color:#22689e; '><div class='flex_cell_inner' ><\/div><\/div><div class=\"flex_cell no_margin av_one_half   \" style='height:500px; min-height:500px;vertical-align:middle; padding:80px; background-color:#22689e; '><div class='flex_cell_inner' ><p><div style='padding-bottom:25px;color:#ffffff;font-size:34px;' class='av-special-heading av-special-heading-h3 custom-color-heading blockquote modern-quote   av-inherit-size'><div class ='av-subheading av-subheading_above av_custom_color' style='font-size:15px;'><p>El mejor sitio para tu recuperaci\u00f3n.<\/p>\n<\/div><h3 class='av-special-heading-tag'  itemprop=\"headline\"  >CREFID Cl\u00ednica de Recuperaci\u00f3n y Fisioterapia Deportiva <\/h3><div class='special-heading-border'><div class='special-heading-inner-border' style='border-color:#ffffff'><\/div><\/div><\/div><br \/>\n<section class=\"av_textblock_section\"  itemscope=\"itemscope\" itemtype=\"https:\/\/schema.org\/CreativeWork\" ><div class='avia_textblock  av_inherit_color'  style='color:#ffffff; '  itemprop=\"text\" ><p><span style=\"color: #000000;\">\u00a0<\/span><\/p>\n<p>Nos encontramos en: SEVILLA ESTE<\/p>\n<p>Calle Urbano Orad n\u00ba 5<\/p>\n<p>41020 Sevilla<\/p>\n<p>Telefono: <strong>954 40 60 56 \/ 658 995 562<\/strong><\/p>\n<p>Correo Electr\u00f3nico: crefidsl@gmail.com.<\/p>\n<p>Nos puedes encontrar en Redes Sociales.<\/p>\n<\/div><\/section><\/p>\n<\/div><\/div>\n<\/div>\n<div  data-autoplay='true'  data-interval='8'  data-animation='slide'  class='avia-logo-element-container av-border-deactivate avia-logo-slider avia-content-slider avia-smallarrow-slider avia-content-slider-active noHover avia-content-slider1 avia-content-slider-odd ' ><div class='avia-smallarrow-slider-heading  no-logo-slider-navigation '><div class='new-special-heading'><h3>Empresas Colaboradoras<\/h3><\/div><\/div><div class='avia-content-slider-inner'><div class='slide-entry-wrap'  itemscope=\"itemscope\" itemtype=\"https:\/\/schema.org\/ImageObject\" ><div  class='slide-entry flex_column no_margin post-entry slide-entry-overview slide-loop-1 slide-parity-odd  av_one_third first real-thumbnail'><a href='http:\/\/www.crdh.es' data-rel='slide-1' class='slide-image' title=''  target=\"_blank\"  ><img loading=\"lazy\" decoding=\"async\"  itemprop=\"thumbnailUrl\"  width=\"116\" height=\"83\" src=\"https:\/\/crefid.com\/wp-content\/uploads\/2019\/07\/logo-con-texto.jpg\" class=\"attachment-featured size-featured\" alt=\"\" \/><\/a><\/div><div  class='slide-entry flex_column no_margin post-entry slide-entry-overview slide-loop-2 slide-parity-even  av_one_third  real-thumbnail'><a href='http:\/\/www.isddoctorgallardo.com\/home' data-rel='slide-1' class='slide-image' title=''  target=\"_blank\"  ><img loading=\"lazy\" decoding=\"async\"  itemprop=\"thumbnailUrl\"  width=\"300\" height=\"76\" src=\"https:\/\/crefid.com\/wp-content\/uploads\/2019\/07\/LOGO.jpg\" class=\"attachment-featured size-featured\" alt=\"\" \/><\/a><\/div><div  class='slide-entry flex_column no_margin post-entry slide-entry-overview slide-loop-3 slide-parity-odd  av_one_third  real-thumbnail'><a href='http:\/\/www.entrenavision.es' data-rel='slide-1' class='slide-image' title=''  target=\"_blank\"  ><img loading=\"lazy\" decoding=\"async\"  itemprop=\"thumbnailUrl\"  width=\"106\" height=\"83\" src=\"https:\/\/crefid.com\/wp-content\/uploads\/2019\/07\/LOGO-ENTRENAVISION-copia.png\" class=\"attachment-featured size-featured\" alt=\"\" \/><\/a><\/div><\/div><div class='slide-entry-wrap'  itemscope=\"itemscope\" itemtype=\"https:\/\/schema.org\/ImageObject\" ><div  class='slide-entry flex_column no_margin post-entry slide-entry-overview slide-loop-4 slide-parity-odd  av_one_third first real-thumbnail'><a href='http:\/\/www.pibeasesores.com' data-rel='slide-1' class='slide-image' title=''  target=\"_blank\"  ><img loading=\"lazy\" decoding=\"async\"  itemprop=\"thumbnailUrl\"  width=\"200\" height=\"83\" src=\"https:\/\/crefid.com\/wp-content\/uploads\/2019\/07\/Logo-Pibe-1.jpg\" class=\"attachment-featured size-featured\" alt=\"\" \/><\/a><\/div><div  class='slide-entry flex_column no_margin post-entry slide-entry-overview slide-loop-5 slide-parity-even  av_one_third  real-thumbnail'><a href='http:\/\/www.saludonnet.com' data-rel='slide-1' class='slide-image' title=''  target=\"_blank\"  ><img loading=\"lazy\" decoding=\"async\"  itemprop=\"thumbnailUrl\"  width=\"247\" height=\"83\" src=\"https:\/\/crefid.com\/wp-content\/uploads\/2019\/09\/Logo-SaludOnNet-Normal1.png\" class=\"attachment-featured size-featured\" alt=\"\" \/><\/a><\/div><div  class='slide-entry flex_column no_margin post-entry slide-entry-overview slide-loop-6 slide-parity-odd  av_one_third  real-thumbnail'><a href='http:\/\/www.hideasgraficas.com' data-rel='slide-1' class='slide-image' title=''  target=\"_blank\"  ><img loading=\"lazy\" decoding=\"async\"  itemprop=\"thumbnailUrl\"  width=\"302\" height=\"83\" src=\"https:\/\/crefid.com\/wp-content\/uploads\/2019\/07\/BANNER-WEB-HIDEAS.png\" class=\"attachment-featured size-featured\" alt=\"\" srcset=\"https:\/\/crefid.com\/wp-content\/uploads\/2019\/07\/BANNER-WEB-HIDEAS.png 302w, https:\/\/crefid.com\/wp-content\/uploads\/2019\/07\/BANNER-WEB-HIDEAS-300x82.png 300w\" sizes=\"auto, (max-width: 302px) 100vw, 302px\" \/><\/a><\/div><\/div><div class='slide-entry-wrap'  itemscope=\"itemscope\" itemtype=\"https:\/\/schema.org\/ImageObject\" ><div  class='slide-entry flex_column no_margin post-entry slide-entry-overview slide-loop-7 slide-parity-odd  av_one_third first real-thumbnail'><a href='http:\/\/www.gaesa.es' data-rel='slide-1' class='slide-image' title=''  target=\"_blank\"  ><img loading=\"lazy\" decoding=\"async\"  itemprop=\"thumbnailUrl\"  width=\"248\" height=\"83\" src=\"https:\/\/crefid.com\/wp-content\/uploads\/2019\/09\/logo-gaesa1.jpg\" class=\"attachment-featured size-featured\" alt=\"\" \/><\/a><\/div><div  class='slide-entry flex_column no_margin post-entry slide-entry-overview slide-loop-8 slide-parity-even  post-entry-last  av_one_third  real-thumbnail'><img loading=\"lazy\" decoding=\"async\"  itemprop=\"thumbnailUrl\"  width=\"271\" height=\"83\" src=\"https:\/\/crefid.com\/wp-content\/uploads\/2019\/07\/logo-limpiezas-celin.png\" class=\"attachment-featured size-featured\" alt=\"\" \/><\/div><\/div><\/div><\/div>\n<section class=\"av_textblock_section\"  itemscope=\"itemscope\" itemtype=\"https:\/\/schema.org\/CreativeWork\" ><div class='avia_textblock '   itemprop=\"text\" ><p><img loading=\"lazy\" decoding=\"async\" class=\"wp-image-1804 alignleft\" src=\"https:\/\/crefid.com\/wp-content\/uploads\/2024\/05\/Logo-PRTR-dos-lineas_COLOR2-300x52.webp\" alt=\"\" width=\"276\" height=\"48\" srcset=\"https:\/\/crefid.com\/wp-content\/uploads\/2024\/05\/Logo-PRTR-dos-lineas_COLOR2-300x52.webp 300w, https:\/\/crefid.com\/wp-content\/uploads\/2024\/05\/Logo-PRTR-dos-lineas_COLOR2-768x134.webp 768w, https:\/\/crefid.com\/wp-content\/uploads\/2024\/05\/Logo-PRTR-dos-lineas_COLOR2-705x123.webp 705w, https:\/\/crefid.com\/wp-content\/uploads\/2024\/05\/Logo-PRTR-dos-lineas_COLOR2-450x79.webp 450w, https:\/\/crefid.com\/wp-content\/uploads\/2024\/05\/Logo-PRTR-dos-lineas_COLOR2.webp 1023w\" sizes=\"auto, (max-width: 276px) 100vw, 276px\" \/><img loading=\"lazy\" decoding=\"async\" class=\"wp-image-1803 alignleft\" src=\"https:\/\/crefid.com\/wp-content\/uploads\/2024\/05\/emblema-de-la-union-europea-300x81.webp\" alt=\"\" width=\"230\" height=\"62\" srcset=\"https:\/\/crefid.com\/wp-content\/uploads\/2024\/05\/emblema-de-la-union-europea-300x81.webp 300w, https:\/\/crefid.com\/wp-content\/uploads\/2024\/05\/emblema-de-la-union-europea-768x208.webp 768w, https:\/\/crefid.com\/wp-content\/uploads\/2024\/05\/emblema-de-la-union-europea-705x191.webp 705w, https:\/\/crefid.com\/wp-content\/uploads\/2024\/05\/emblema-de-la-union-europea-450x122.webp 450w, https:\/\/crefid.com\/wp-content\/uploads\/2024\/05\/emblema-de-la-union-europea.webp 1024w\" sizes=\"auto, (max-width: 230px) 100vw, 230px\" \/><\/p>\n<\/div><\/section>\n","protected":false},"excerpt":{"rendered":"","protected":false},"author":1,"featured_media":0,"parent":0,"menu_order":0,"comment_status":"closed","ping_status":"open","template":"","meta":{"spay_email":"","footnotes":""},"class_list":["post-330","page","type-page","status-publish","hentry"],"_links":{"self":[{"href":"https:\/\/crefid.com\/index.php?rest_route=\/wp\/v2\/pages\/330","targetHints":{"allow":["GET"]}}],"collection":[{"href":"https:\/\/crefid.com\/index.php?rest_route=\/wp\/v2\/pages"}],"about":[{"href":"https:\/\/crefid.com\/index.php?rest_route=\/wp\/v2\/types\/page"}],"author":[{"embeddable":true,"href":"https:\/\/crefid.com\/index.php?rest_route=\/wp\/v2\/users\/1"}],"replies":[{"embeddable":true,"href":"https:\/\/crefid.com\/index.php?rest_route=%2Fwp%2Fv2%2Fcomments&post=330"}],"version-history":[{"count":116,"href":"https:\/\/crefid.com\/index.php?rest_route=\/wp\/v2\/pages\/330\/revisions"}],"predecessor-version":[{"id":1818,"href":"https:\/\/crefid.com\/index.php?rest_route=\/wp\/v2\/pages\/330\/revisions\/1818"}],"wp:attachment":[{"href":"https:\/\/crefid.com\/index.php?rest_route=%2Fwp%2Fv2%2Fmedia&parent=330"}],"curies":[{"name":"wp","href":"https:\/\/api.w.org\/{rel}","templated":true}]}}